{"id":36,"date":"2014-02-12T21:55:34","date_gmt":"2014-02-12T21:55:34","guid":{"rendered":"http:\/\/novabossa.com.br\/novo\/?page_id=36"},"modified":"2021-02-06T13:26:54","modified_gmt":"2021-02-06T13:26:54","slug":"cultura-carioca-expressa","status":"publish","type":"page","link":"http:\/\/novabossa.com.br\/?page_id=36","title":{"rendered":"Cultura Carioca"},"content":{"rendered":"<section class=\"l-section wpb_row us_custom_179c2a55 height_auto with_img parallax_fixed\"><div class=\"l-section-img\" role=\"img\" aria-label=\"Imagem\" data-img-width=\"24\" data-img-height=\"24\" style=\"background-image: url(http:\/\/novabossa.com.br\/novo\/wp-content\/uploads\/2021\/02\/bg_mais_branco.png);background-position: top left;background-size: auto;\"><\/div><div class=\"l-section-overlay\" style=\"background:rgba(242,209,36,0.20)\"><\/div><div class=\"l-section-h i-cf\"><div class=\"g-cols vc_row via_flex valign_top type_default stacking_default\"><div class=\"vc_col-sm-12 wpb_column vc_column_container\"><div class=\"vc_column-inner\"><div class=\"wpb_wrapper\"><div class=\"g-cols wpb_row via_flex valign_top type_default stacking_default\"><div class=\"vc_col-sm-12 wpb_column vc_column_container\"><div class=\"vc_column-inner\"><div class=\"wpb_wrapper\"><div class=\"w-separator size_small\"><\/div><div class=\"wpb_text_column us_custom_30ad0fe7 has_text_color\"><div class=\"wpb_wrapper\"><div class=\"title_home_fundo\">\n<div class=\"title_texto\">Cultura Carioca<\/div>\n<\/div>\n<\/div><\/div><div class=\"w-grid type_grid layout_2453 cols_3\" id=\"us_grid_1\" style=\"--columns:3;--gap:0.7rem;\" data-filterable=\"true\"><style>@media (max-width:1024px){#us_grid_1{--columns:2!important}}@media (max-width:600px){#us_grid_1{--columns:1!important}}.layout_2453 .w-grid-item-h{box-shadow:0 0.03rem 0.06rem rgba(0,0,0,0.1),0 0.1rem 0.3rem rgba(0,0,0,0.1);transition-duration:0.3s}.no-touch .layout_2453 .w-grid-item-h:hover{box-shadow:0 0.07rem 0.14rem rgba(0,0,0,0.1),0 0.23rem 0.7rem rgba(0,0,0,0.15);z-index:4}.layout_2453 .usg_vwrapper_1{transition-duration:0.3s;transform-origin:50% 50%;transform:scale(1) translate(0%,0%)}.layout_2453 .w-grid-item-h:focus-within .usg_vwrapper_1,.layout_2453 .w-grid-item-h:hover .usg_vwrapper_1{transform:scale(1.03) translate(0%,0%);opacity:1}.layout_2453 .usg_post_image_1{margin-bottom:0.5rem!important}.layout_2453 .usg_post_title_1{color:#4d4c4d!important;font-weight:700!important;text-transform:uppercase!important;font-size:1rem!important;padding-top:5px!important}.layout_2453 .usg_vwrapper_1{background:#ffffff!important;padding:10px 10px 15px 10px!important}<\/style><div class=\"w-grid-list\">\t<article class=\"w-grid-item size_1x1 post-3118 post type-post status-publish format-standard has-post-thumbnail hentry category-cultura-carioca-expressa\" data-id=\"3118\">\r\n\t\t<div class=\"w-grid-item-h\">\r\n\t\t\t\t\t\t<div class=\"w-vwrapper usg_vwrapper_1 align_left valign_top\" style=\"--vwrapper-gap:0rem\"><div class=\"w-post-elm post_image usg_post_image_1 has_ratio\"><a href=\"http:\/\/novabossa.com.br\/?p=3118\" aria-label=\"CULTURA CARIOCA 2019\"><img loading=\"lazy\" decoding=\"async\" width=\"960\" height=\"720\" src=\"http:\/\/novabossa.com.br\/novo\/wp-content\/uploads\/2021\/02\/IMG_8927.jpg\" class=\"attachment-large size-large wp-post-image\" alt=\"\" \/><\/a><div style=\"padding-bottom:100%\"><\/div><\/div><h2 class=\"w-post-elm post_title usg_post_title_1 has_text_color entry-title color_link_inherit\"><a href=\"http:\/\/novabossa.com.br\/?p=3118\">CULTURA CARIOCA 2019<\/a><\/h2><\/div>\t\t<\/div>\r\n\t\t\t<\/article>\r\n\t<article class=\"w-grid-item size_1x1 post-225 post type-post status-publish format-standard has-post-thumbnail hentry category-3o-setor category-cultura-carioca-expressa\" data-id=\"225\">\r\n\t\t<div class=\"w-grid-item-h\">\r\n\t\t\t\t\t\t<div class=\"w-vwrapper usg_vwrapper_1 align_left valign_top\" style=\"--vwrapper-gap:0rem\"><div class=\"w-post-elm post_image usg_post_image_1 has_ratio\"><a href=\"http:\/\/novabossa.com.br\/?p=225\" aria-label=\"CULTURA CARIOCA 2012\"><img loading=\"lazy\" decoding=\"async\" width=\"1024\" height=\"677\" src=\"http:\/\/novabossa.com.br\/novo\/wp-content\/uploads\/2014\/03\/FOTOS-DE-GRAFITE-07--1024x677.jpg\" class=\"attachment-large size-large wp-post-image\" alt=\"\" \/><\/a><div style=\"padding-bottom:100%\"><\/div><\/div><h2 class=\"w-post-elm post_title usg_post_title_1 has_text_color entry-title color_link_inherit\"><a href=\"http:\/\/novabossa.com.br\/?p=225\">CULTURA CARIOCA 2012<\/a><\/h2><\/div>\t\t<\/div>\r\n\t\t\t<\/article>\r\n<\/div><div class=\"w-grid-preloader\">\t<div class=\"g-preloader type_1\">\r\n\t\t<div><\/div>\r\n\t<\/div>\r\n\t<\/div>\t<div class=\"w-grid-json hidden\" onclick='return {&quot;action&quot;:&quot;us_ajax_grid&quot;,&quot;infinite_scroll&quot;:0,&quot;max_num_pages&quot;:1,&quot;pagination&quot;:&quot;none&quot;,&quot;template_vars&quot;:{&quot;columns&quot;:&quot;3&quot;,&quot;exclude_items&quot;:&quot;none&quot;,&quot;img_size&quot;:&quot;default&quot;,&quot;ignore_items_size&quot;:0,&quot;items_layout&quot;:&quot;2453&quot;,&quot;items_offset&quot;:&quot;1&quot;,&quot;load_animation&quot;:&quot;none&quot;,&quot;overriding_link&quot;:&quot;{\\&quot;url\\&quot;:\\&quot;\\&quot;}&quot;,&quot;post_id&quot;:0,&quot;query_args&quot;:{&quot;post_type&quot;:[&quot;post&quot;],&quot;tax_query&quot;:[{&quot;taxonomy&quot;:&quot;category&quot;,&quot;field&quot;:&quot;slug&quot;,&quot;terms&quot;:[&quot;cultura-carioca-expressa&quot;]}],&quot;post_status&quot;:[&quot;publish&quot;,&quot;acf-disabled&quot;],&quot;posts_per_page&quot;:999},&quot;orderby_query_args&quot;:{&quot;orderby&quot;:{&quot;date&quot;:&quot;DESC&quot;}},&quot;type&quot;:&quot;grid&quot;,&quot;us_grid_post_type&quot;:&quot;post&quot;,&quot;us_grid_ajax_index&quot;:1,&quot;us_grid_filter_query_string&quot;:null,&quot;us_grid_index&quot;:1,&quot;page_args&quot;:[]}}'><\/div>\r\n\t<\/div><\/div><\/div><\/div><\/div><div class=\"w-separator size_medium\"><\/div><\/div><\/div><\/div><\/div><\/div><\/section>\n","protected":false},"excerpt":{"rendered":"<p>O Cultura Carioca visa o resgate e preserva\u00e7\u00e3o das tradi\u00e7\u00f5es culturais e hist\u00f3ricas atrav\u00e9s da integra\u00e7\u00e3o das artes pl\u00e1sticas e literatura protagonizadas por moradores da localidade de diversas faixas et\u00e1rias.<\/p>\n","protected":false},"author":6,"featured_media":325,"parent":11,"menu_order":0,"comment_status":"closed","ping_status":"closed","template":"","meta":{"_acf_changed":false,"_monsterinsights_skip_tracking":false,"_monsterinsights_sitenote_active":false,"_monsterinsights_sitenote_note":"","_monsterinsights_sitenote_category":0,"footnotes":""},"class_list":["post-36","page","type-page","status-publish","has-post-thumbnail","hentry"],"acf":[],"_links":{"self":[{"href":"http:\/\/novabossa.com.br\/index.php?rest_route=\/wp\/v2\/pages\/36","targetHints":{"allow":["GET"]}}],"collection":[{"href":"http:\/\/novabossa.com.br\/index.php?rest_route=\/wp\/v2\/pages"}],"about":[{"href":"http:\/\/novabossa.com.br\/index.php?rest_route=\/wp\/v2\/types\/page"}],"author":[{"embeddable":true,"href":"http:\/\/novabossa.com.br\/index.php?rest_route=\/wp\/v2\/users\/6"}],"replies":[{"embeddable":true,"href":"http:\/\/novabossa.com.br\/index.php?rest_route=%2Fwp%2Fv2%2Fcomments&post=36"}],"version-history":[{"count":8,"href":"http:\/\/novabossa.com.br\/index.php?rest_route=\/wp\/v2\/pages\/36\/revisions"}],"predecessor-version":[{"id":2626,"href":"http:\/\/novabossa.com.br\/index.php?rest_route=\/wp\/v2\/pages\/36\/revisions\/2626"}],"up":[{"embeddable":true,"href":"http:\/\/novabossa.com.br\/index.php?rest_route=\/wp\/v2\/pages\/11"}],"wp:featuredmedia":[{"embeddable":true,"href":"http:\/\/novabossa.com.br\/index.php?rest_route=\/wp\/v2\/media\/325"}],"wp:attachment":[{"href":"http:\/\/novabossa.com.br\/index.php?rest_route=%2Fwp%2Fv2%2Fmedia&parent=36"}],"curies":[{"name":"wp","href":"https:\/\/api.w.org\/{rel}","templated":true}]}}