{"id":25,"date":"2014-02-12T21:52:03","date_gmt":"2014-02-12T21:52:03","guid":{"rendered":"http:\/\/novabossa.com.br\/novo\/?page_id=25"},"modified":"2021-02-06T13:24:12","modified_gmt":"2021-02-06T13:24:12","slug":"passageiro-do-futuro","status":"publish","type":"page","link":"https:\/\/novabossa.com.br\/?page_id=25","title":{"rendered":"Passageiro do Futuro"},"content":{"rendered":"<section class=\"l-section wpb_row us_custom_179c2a55 height_auto with_img parallax_fixed\"><div class=\"l-section-img\" role=\"img\" aria-label=\"Imagem\" data-img-width=\"24\" data-img-height=\"24\" style=\"background-image: url(https:\/\/novabossa.com.br\/novo\/wp-content\/uploads\/2021\/02\/bg_mais_branco.png);background-position: top left;background-size: auto;\"><\/div><div class=\"l-section-overlay\" style=\"background:rgba(242,209,36,0.20)\"><\/div><div class=\"l-section-h i-cf\"><div class=\"g-cols vc_row via_flex valign_top type_default stacking_default\"><div class=\"vc_col-sm-12 wpb_column vc_column_container\"><div class=\"vc_column-inner\"><div class=\"wpb_wrapper\"><div class=\"g-cols wpb_row via_flex valign_top type_default stacking_default\"><div class=\"vc_col-sm-12 wpb_column vc_column_container\"><div class=\"vc_column-inner\"><div class=\"wpb_wrapper\"><div class=\"w-separator size_small\"><\/div><div class=\"wpb_text_column us_custom_30ad0fe7 has_text_color\"><div class=\"wpb_wrapper\"><div class=\"title_home_fundo\">\n<div class=\"title_texto\">Passageiro do Futuro<\/div>\n<\/div>\n<\/div><\/div><div class=\"w-grid type_grid layout_2453 cols_3\" id=\"us_grid_1\" style=\"--columns:3;--gap:0.7rem;\" data-filterable=\"true\"><style>@media (max-width:1024px){#us_grid_1{--columns:2!important}}@media (max-width:600px){#us_grid_1{--columns:1!important}}.layout_2453 .w-grid-item-h{box-shadow:0 0.03rem 0.06rem rgba(0,0,0,0.1),0 0.1rem 0.3rem rgba(0,0,0,0.1);transition-duration:0.3s}.no-touch .layout_2453 .w-grid-item-h:hover{box-shadow:0 0.07rem 0.14rem rgba(0,0,0,0.1),0 0.23rem 0.7rem rgba(0,0,0,0.15);z-index:4}.layout_2453 .usg_vwrapper_1{transition-duration:0.3s;transform-origin:50% 50%;transform:scale(1) translate(0%,0%)}.layout_2453 .w-grid-item-h:focus-within .usg_vwrapper_1,.layout_2453 .w-grid-item-h:hover .usg_vwrapper_1{transform:scale(1.03) translate(0%,0%);opacity:1}.layout_2453 .usg_post_image_1{margin-bottom:0.5rem!important}.layout_2453 .usg_post_title_1{color:#4d4c4d!important;font-weight:700!important;text-transform:uppercase!important;font-size:1rem!important;padding-top:5px!important}.layout_2453 .usg_vwrapper_1{background:#ffffff!important;padding:10px 10px 15px 10px!important}<\/style><div class=\"w-grid-list\">\t<article class=\"w-grid-item size_1x1 post-3278 post type-post status-publish format-standard has-post-thumbnail hentry category-3o-setor category-passageiro-do-futuro\" data-id=\"3278\">\r\n\t\t<div class=\"w-grid-item-h\">\r\n\t\t\t\t\t\t<div class=\"w-vwrapper usg_vwrapper_1 align_left valign_top\" style=\"--vwrapper-gap:0rem\"><div class=\"w-post-elm post_image usg_post_image_1 has_ratio\"><a href=\"https:\/\/novabossa.com.br\/?p=3278\" aria-label=\"Gera\u00e7\u00e3o Trianon (2019)\"><img loading=\"lazy\" decoding=\"async\" width=\"1024\" height=\"680\" src=\"https:\/\/novabossa.com.br\/novo\/wp-content\/uploads\/2021\/02\/TEATRO-MARIA-CLARA-MACHADO-PLANETA\u0301RIO-DA-GA\u0301VEA1-107-1024x680.jpg\" class=\"attachment-large size-large wp-post-image\" alt=\"\" \/><\/a><div style=\"padding-bottom:100%\"><\/div><\/div><h2 class=\"w-post-elm post_title usg_post_title_1 has_text_color entry-title color_link_inherit\"><a href=\"https:\/\/novabossa.com.br\/?p=3278\">Gera\u00e7\u00e3o Trianon (2019)<\/a><\/h2><\/div>\t\t<\/div>\r\n\t\t\t<\/article>\r\n\t<article class=\"w-grid-item size_1x1 post-3243 post type-post status-publish format-standard has-post-thumbnail hentry category-3o-setor category-passageiro-do-futuro\" data-id=\"3243\">\r\n\t\t<div class=\"w-grid-item-h\">\r\n\t\t\t\t\t\t<div class=\"w-vwrapper usg_vwrapper_1 align_left valign_top\" style=\"--vwrapper-gap:0rem\"><div class=\"w-post-elm post_image usg_post_image_1 has_ratio\"><a href=\"https:\/\/novabossa.com.br\/?p=3243\" aria-label=\"O Passado a limpo (2018)\"><img loading=\"lazy\" decoding=\"async\" width=\"1024\" height=\"683\" src=\"https:\/\/novabossa.com.br\/novo\/wp-content\/uploads\/2021\/02\/Casa-de-Espanha-5-1024x683.jpg\" class=\"attachment-large size-large wp-post-image\" alt=\"\" \/><\/a><div style=\"padding-bottom:100%\"><\/div><\/div><h2 class=\"w-post-elm post_title usg_post_title_1 has_text_color entry-title color_link_inherit\"><a href=\"https:\/\/novabossa.com.br\/?p=3243\">O Passado a limpo (2018)<\/a><\/h2><\/div>\t\t<\/div>\r\n\t\t\t<\/article>\r\n\t<article class=\"w-grid-item size_1x1 post-3196 post type-post status-publish format-standard has-post-thumbnail hentry category-passageiro-do-futuro category-sem-categoria\" data-id=\"3196\">\r\n\t\t<div class=\"w-grid-item-h\">\r\n\t\t\t\t\t\t<div class=\"w-vwrapper usg_vwrapper_1 align_left valign_top\" style=\"--vwrapper-gap:0rem\"><div class=\"w-post-elm post_image usg_post_image_1 has_ratio\"><a href=\"https:\/\/novabossa.com.br\/?p=3196\" aria-label=\"O Mambembe (2017)\"><img loading=\"lazy\" decoding=\"async\" width=\"1024\" height=\"683\" src=\"https:\/\/novabossa.com.br\/novo\/wp-content\/uploads\/2021\/02\/Mambembe-14.dez-3mb-58-1024x683.jpg\" class=\"attachment-large size-large wp-post-image\" alt=\"\" \/><\/a><div style=\"padding-bottom:100%\"><\/div><\/div><h2 class=\"w-post-elm post_title usg_post_title_1 has_text_color entry-title color_link_inherit\"><a href=\"https:\/\/novabossa.com.br\/?p=3196\">O Mambembe (2017)<\/a><\/h2><\/div>\t\t<\/div>\r\n\t\t\t<\/article>\r\n\t<article class=\"w-grid-item size_1x1 post-3161 post type-post status-publish format-standard has-post-thumbnail hentry category-3o-setor category-passageiro-do-futuro\" data-id=\"3161\">\r\n\t\t<div class=\"w-grid-item-h\">\r\n\t\t\t\t\t\t<div class=\"w-vwrapper usg_vwrapper_1 align_left valign_top\" style=\"--vwrapper-gap:0rem\"><div class=\"w-post-elm post_image usg_post_image_1 has_ratio\"><a href=\"https:\/\/novabossa.com.br\/?p=3161\" aria-label=\"Tribob\u00f3 City (2016)\"><img loading=\"lazy\" decoding=\"async\" width=\"1024\" height=\"683\" src=\"https:\/\/novabossa.com.br\/novo\/wp-content\/uploads\/2021\/02\/CIRCULAC\u0327A\u0303O_TIJUCA-TE\u0302NIS-CLUBE_15-de-dezembro-14.jpg\" class=\"attachment-large size-large wp-post-image\" alt=\"\" \/><\/a><div style=\"padding-bottom:100%\"><\/div><\/div><h2 class=\"w-post-elm post_title usg_post_title_1 has_text_color entry-title color_link_inherit\"><a href=\"https:\/\/novabossa.com.br\/?p=3161\">Tribob\u00f3 City (2016)<\/a><\/h2><\/div>\t\t<\/div>\r\n\t\t\t<\/article>\r\n\t<article class=\"w-grid-item size_1x1 post-2259 post type-post status-publish format-standard has-post-thumbnail hentry category-3o-setor category-passageiro-do-futuro\" data-id=\"2259\">\r\n\t\t<div class=\"w-grid-item-h\">\r\n\t\t\t\t\t\t<div class=\"w-vwrapper usg_vwrapper_1 align_left valign_top\" style=\"--vwrapper-gap:0rem\"><div class=\"w-post-elm post_image usg_post_image_1 has_ratio\"><a href=\"https:\/\/novabossa.com.br\/?p=2259\" aria-label=\"O Auto da Compadecida (2015)\"><img loading=\"lazy\" decoding=\"async\" width=\"1024\" height=\"667\" src=\"https:\/\/novabossa.com.br\/novo\/wp-content\/uploads\/2016\/10\/tijuca-baixa-45-1024x667.jpg\" class=\"attachment-large size-large wp-post-image\" alt=\"\" \/><\/a><div style=\"padding-bottom:100%\"><\/div><\/div><h2 class=\"w-post-elm post_title usg_post_title_1 has_text_color entry-title color_link_inherit\"><a href=\"https:\/\/novabossa.com.br\/?p=2259\">O Auto da Compadecida (2015)<\/a><\/h2><\/div>\t\t<\/div>\r\n\t\t\t<\/article>\r\n\t<article class=\"w-grid-item size_1x1 post-1776 post type-post status-publish format-standard has-post-thumbnail hentry category-3o-setor category-passageiro-do-futuro\" data-id=\"1776\">\r\n\t\t<div class=\"w-grid-item-h\">\r\n\t\t\t\t\t\t<div class=\"w-vwrapper usg_vwrapper_1 align_left valign_top\" style=\"--vwrapper-gap:0rem\"><div class=\"w-post-elm post_image usg_post_image_1 has_ratio\"><a href=\"https:\/\/novabossa.com.br\/?p=1776\" aria-label=\"O GATO DE BOTAS (2013-2014) Ladeira dos Tabajaras\"><img loading=\"lazy\" decoding=\"async\" width=\"1000\" height=\"710\" src=\"https:\/\/novabossa.com.br\/novo\/wp-content\/uploads\/2014\/04\/pass_ipanema_16.jpg\" class=\"attachment-large size-large wp-post-image\" alt=\"\" \/><\/a><div style=\"padding-bottom:100%\"><\/div><\/div><h2 class=\"w-post-elm post_title usg_post_title_1 has_text_color entry-title color_link_inherit\"><a href=\"https:\/\/novabossa.com.br\/?p=1776\">O GATO DE BOTAS (2013-2014) Ladeira dos Tabajaras<\/a><\/h2><\/div>\t\t<\/div>\r\n\t\t\t<\/article>\r\n\t<article class=\"w-grid-item size_1x1 post-181 post type-post status-publish format-standard has-post-thumbnail hentry category-3o-setor category-passageiro-do-futuro\" data-id=\"181\">\r\n\t\t<div class=\"w-grid-item-h\">\r\n\t\t\t\t\t\t<div class=\"w-vwrapper usg_vwrapper_1 align_left valign_top\" style=\"--vwrapper-gap:0rem\"><div class=\"w-post-elm post_image usg_post_image_1 has_ratio\"><a href=\"https:\/\/novabossa.com.br\/?p=181\" aria-label=\"A AURORA DA MINHA VIDA (2012) Ladeira dos Tabajaras\"><img loading=\"lazy\" decoding=\"async\" width=\"600\" height=\"398\" src=\"https:\/\/novabossa.com.br\/novo\/wp-content\/uploads\/2014\/03\/0413.jpg\" class=\"attachment-large size-large wp-post-image\" alt=\"\" \/><\/a><div style=\"padding-bottom:100%\"><\/div><\/div><h2 class=\"w-post-elm post_title usg_post_title_1 has_text_color entry-title color_link_inherit\"><a href=\"https:\/\/novabossa.com.br\/?p=181\">A AURORA DA MINHA VIDA (2012) Ladeira dos Tabajaras<\/a><\/h2><\/div>\t\t<\/div>\r\n\t\t\t<\/article>\r\n\t<article class=\"w-grid-item size_1x1 post-183 post type-post status-publish format-standard has-post-thumbnail hentry category-3o-setor category-passageiro-do-futuro\" data-id=\"183\">\r\n\t\t<div class=\"w-grid-item-h\">\r\n\t\t\t\t\t\t<div class=\"w-vwrapper usg_vwrapper_1 align_left valign_top\" style=\"--vwrapper-gap:0rem\"><div class=\"w-post-elm post_image usg_post_image_1 has_ratio\"><a href=\"https:\/\/novabossa.com.br\/?p=183\" aria-label=\"A VIDA \u00c9 UMA COM\u00c9DIA (2011) Ladeira dos Tabajaras\"><img loading=\"lazy\" decoding=\"async\" width=\"600\" height=\"400\" src=\"https:\/\/novabossa.com.br\/novo\/wp-content\/uploads\/2014\/03\/0611.jpg\" class=\"attachment-large size-large wp-post-image\" alt=\"\" \/><\/a><div style=\"padding-bottom:100%\"><\/div><\/div><h2 class=\"w-post-elm post_title usg_post_title_1 has_text_color entry-title color_link_inherit\"><a href=\"https:\/\/novabossa.com.br\/?p=183\">A VIDA \u00c9 UMA COM\u00c9DIA (2011) Ladeira dos Tabajaras<\/a><\/h2><\/div>\t\t<\/div>\r\n\t\t\t<\/article>\r\n\t<article class=\"w-grid-item size_1x1 post-185 post type-post status-publish format-standard has-post-thumbnail hentry category-3o-setor category-passageiro-do-futuro\" data-id=\"185\">\r\n\t\t<div class=\"w-grid-item-h\">\r\n\t\t\t\t\t\t<div class=\"w-vwrapper usg_vwrapper_1 align_left valign_top\" style=\"--vwrapper-gap:0rem\"><div class=\"w-post-elm post_image usg_post_image_1 has_ratio\"><a href=\"https:\/\/novabossa.com.br\/?p=185\" aria-label=\"FORROBOD\u00d3 (2010) Andara\u00ed\"><img loading=\"lazy\" decoding=\"async\" width=\"600\" height=\"293\" src=\"https:\/\/novabossa.com.br\/novo\/wp-content\/uploads\/2014\/03\/099.jpg\" class=\"attachment-large size-large wp-post-image\" alt=\"\" \/><\/a><div style=\"padding-bottom:100%\"><\/div><\/div><h2 class=\"w-post-elm post_title usg_post_title_1 has_text_color entry-title color_link_inherit\"><a href=\"https:\/\/novabossa.com.br\/?p=185\">FORROBOD\u00d3 (2010) Andara\u00ed<\/a><\/h2><\/div>\t\t<\/div>\r\n\t\t\t<\/article>\r\n\t<article class=\"w-grid-item size_1x1 post-187 post type-post status-publish format-standard has-post-thumbnail hentry category-3o-setor category-passageiro-do-futuro\" data-id=\"187\">\r\n\t\t<div class=\"w-grid-item-h\">\r\n\t\t\t\t\t\t<div class=\"w-vwrapper usg_vwrapper_1 align_left valign_top\" style=\"--vwrapper-gap:0rem\"><div class=\"w-post-elm post_image usg_post_image_1 has_ratio\"><a href=\"https:\/\/novabossa.com.br\/?p=187\" aria-label=\"CR\u00d4NICAS DA CIDADE (2009) Andara\u00ed\"><img loading=\"lazy\" decoding=\"async\" width=\"600\" height=\"450\" src=\"https:\/\/novabossa.com.br\/novo\/wp-content\/uploads\/2014\/03\/0220.jpg\" class=\"attachment-large size-large wp-post-image\" alt=\"\" \/><\/a><div style=\"padding-bottom:100%\"><\/div><\/div><h2 class=\"w-post-elm post_title usg_post_title_1 has_text_color entry-title color_link_inherit\"><a href=\"https:\/\/novabossa.com.br\/?p=187\">CR\u00d4NICAS DA CIDADE (2009) Andara\u00ed<\/a><\/h2><\/div>\t\t<\/div>\r\n\t\t\t<\/article>\r\n\t<article class=\"w-grid-item size_1x1 post-189 post type-post status-publish format-standard has-post-thumbnail hentry category-3o-setor category-passageiro-do-futuro\" data-id=\"189\">\r\n\t\t<div class=\"w-grid-item-h\">\r\n\t\t\t\t\t\t<div class=\"w-vwrapper usg_vwrapper_1 align_left valign_top\" style=\"--vwrapper-gap:0rem\"><div class=\"w-post-elm post_image usg_post_image_1 has_ratio\"><a href=\"https:\/\/novabossa.com.br\/?p=189\" aria-label=\"O ANJO DO SUB\u00daRBIO (2008) Vila Kennedy &#8211; Bangu\"><img loading=\"lazy\" decoding=\"async\" width=\"600\" height=\"450\" src=\"https:\/\/novabossa.com.br\/novo\/wp-content\/uploads\/2014\/03\/0814.jpg\" class=\"attachment-large size-large wp-post-image\" alt=\"\" \/><\/a><div style=\"padding-bottom:100%\"><\/div><\/div><h2 class=\"w-post-elm post_title usg_post_title_1 has_text_color entry-title color_link_inherit\"><a href=\"https:\/\/novabossa.com.br\/?p=189\">O ANJO DO SUB\u00daRBIO (2008) Vila Kennedy &#8211; Bangu<\/a><\/h2><\/div>\t\t<\/div>\r\n\t\t\t<\/article>\r\n\t<article class=\"w-grid-item size_1x1 post-191 post type-post status-publish format-standard has-post-thumbnail hentry category-3o-setor category-passageiro-do-futuro\" data-id=\"191\">\r\n\t\t<div class=\"w-grid-item-h\">\r\n\t\t\t\t\t\t<div class=\"w-vwrapper usg_vwrapper_1 align_left valign_top\" style=\"--vwrapper-gap:0rem\"><div class=\"w-post-elm post_image usg_post_image_1 has_ratio\"><a href=\"https:\/\/novabossa.com.br\/?p=191\" aria-label=\"O GIGANTE EGO\u00cdSTA (2007) Vila Kennedy &#8211; Bangu\"><img loading=\"lazy\" decoding=\"async\" width=\"600\" height=\"450\" src=\"https:\/\/novabossa.com.br\/novo\/wp-content\/uploads\/2014\/03\/245.jpg\" class=\"attachment-large size-large wp-post-image\" alt=\"\" \/><\/a><div style=\"padding-bottom:100%\"><\/div><\/div><h2 class=\"w-post-elm post_title usg_post_title_1 has_text_color entry-title color_link_inherit\"><a href=\"https:\/\/novabossa.com.br\/?p=191\">O GIGANTE EGO\u00cdSTA (2007) Vila Kennedy &#8211; Bangu<\/a><\/h2><\/div>\t\t<\/div>\r\n\t\t\t<\/article>\r\n\t<article class=\"w-grid-item size_1x1 post-193 post type-post status-publish format-standard has-post-thumbnail hentry category-3o-setor category-passageiro-do-futuro\" data-id=\"193\">\r\n\t\t<div class=\"w-grid-item-h\">\r\n\t\t\t\t\t\t<div class=\"w-vwrapper usg_vwrapper_1 align_left valign_top\" style=\"--vwrapper-gap:0rem\"><div class=\"w-post-elm post_image usg_post_image_1 has_ratio\"><a href=\"https:\/\/novabossa.com.br\/?p=193\" aria-label=\"A GALERA DAN\u00c7A (2002) Andara\u00ed\"><img loading=\"lazy\" decoding=\"async\" width=\"600\" height=\"450\" src=\"https:\/\/novabossa.com.br\/novo\/wp-content\/uploads\/2014\/03\/0616.jpg\" class=\"attachment-large size-large wp-post-image\" alt=\"\" \/><\/a><div style=\"padding-bottom:100%\"><\/div><\/div><h2 class=\"w-post-elm post_title usg_post_title_1 has_text_color entry-title color_link_inherit\"><a href=\"https:\/\/novabossa.com.br\/?p=193\">A GALERA DAN\u00c7A (2002) Andara\u00ed<\/a><\/h2><\/div>\t\t<\/div>\r\n\t\t\t<\/article>\r\n\t<article class=\"w-grid-item size_1x1 post-195 post type-post status-publish format-standard has-post-thumbnail hentry category-3o-setor category-passageiro-do-futuro\" data-id=\"195\">\r\n\t\t<div class=\"w-grid-item-h\">\r\n\t\t\t\t\t\t<div class=\"w-vwrapper usg_vwrapper_1 align_left valign_top\" style=\"--vwrapper-gap:0rem\"><div class=\"w-post-elm post_image usg_post_image_1 has_ratio\"><a href=\"https:\/\/novabossa.com.br\/?p=195\" aria-label=\"AQUELE QUE DIZ SIM, AQUELE QUE DIZ N\u00c3O (2001) Vila Alian\u00e7a &#8211; Bangu\"><img loading=\"lazy\" decoding=\"async\" width=\"600\" height=\"450\" src=\"https:\/\/novabossa.com.br\/novo\/wp-content\/uploads\/2014\/03\/0420.jpg\" class=\"attachment-large size-large wp-post-image\" alt=\"\" \/><\/a><div style=\"padding-bottom:100%\"><\/div><\/div><h2 class=\"w-post-elm post_title usg_post_title_1 has_text_color entry-title color_link_inherit\"><a href=\"https:\/\/novabossa.com.br\/?p=195\">AQUELE QUE DIZ SIM, AQUELE QUE DIZ N\u00c3O (2001) Vila Alian\u00e7a &#8211; Bangu<\/a><\/h2><\/div>\t\t<\/div>\r\n\t\t\t<\/article>\r\n<\/div><div class=\"w-grid-preloader\">\t<div class=\"g-preloader type_1\">\r\n\t\t<div><\/div>\r\n\t<\/div>\r\n\t<\/div>\t<div class=\"w-grid-json hidden\" onclick='return {&quot;action&quot;:&quot;us_ajax_grid&quot;,&quot;infinite_scroll&quot;:0,&quot;max_num_pages&quot;:1,&quot;pagination&quot;:&quot;none&quot;,&quot;template_vars&quot;:{&quot;columns&quot;:&quot;3&quot;,&quot;exclude_items&quot;:&quot;none&quot;,&quot;img_size&quot;:&quot;default&quot;,&quot;ignore_items_size&quot;:0,&quot;items_layout&quot;:&quot;2453&quot;,&quot;items_offset&quot;:&quot;1&quot;,&quot;load_animation&quot;:&quot;none&quot;,&quot;overriding_link&quot;:&quot;{\\&quot;url\\&quot;:\\&quot;\\&quot;}&quot;,&quot;post_id&quot;:0,&quot;query_args&quot;:{&quot;post_type&quot;:[&quot;post&quot;],&quot;tax_query&quot;:[{&quot;taxonomy&quot;:&quot;category&quot;,&quot;field&quot;:&quot;slug&quot;,&quot;terms&quot;:[&quot;passageiro-do-futuro&quot;]}],&quot;post_status&quot;:[&quot;publish&quot;,&quot;acf-disabled&quot;],&quot;posts_per_page&quot;:999},&quot;orderby_query_args&quot;:{&quot;orderby&quot;:{&quot;date&quot;:&quot;DESC&quot;}},&quot;type&quot;:&quot;grid&quot;,&quot;us_grid_post_type&quot;:&quot;post&quot;,&quot;us_grid_ajax_index&quot;:1,&quot;us_grid_filter_query_string&quot;:null,&quot;us_grid_index&quot;:1,&quot;page_args&quot;:[]}}'><\/div>\r\n\t<\/div><\/div><\/div><\/div><\/div><div class=\"w-separator size_medium\"><\/div><\/div><\/div><\/div><\/div><\/div><\/section>\n","protected":false},"excerpt":{"rendered":"<p>O objetivo \u00e9 unir cultura e educa\u00e7\u00e3o para abrir novas frentes de trabalho no mercado de entretenimento e reduzir a evas\u00e3o escolar, melhorando o rendimento do aluno.<\/p>\n","protected":false},"author":2,"featured_media":328,"parent":11,"menu_order":0,"comment_status":"closed","ping_status":"closed","template":"","meta":{"_acf_changed":false,"_monsterinsights_skip_tracking":false,"_monsterinsights_sitenote_active":false,"_monsterinsights_sitenote_note":"","_monsterinsights_sitenote_category":0,"footnotes":""},"class_list":["post-25","page","type-page","status-publish","has-post-thumbnail","hentry"],"acf":[],"_links":{"self":[{"href":"https:\/\/novabossa.com.br\/index.php?rest_route=\/wp\/v2\/pages\/25","targetHints":{"allow":["GET"]}}],"collection":[{"href":"https:\/\/novabossa.com.br\/index.php?rest_route=\/wp\/v2\/pages"}],"about":[{"href":"https:\/\/novabossa.com.br\/index.php?rest_route=\/wp\/v2\/types\/page"}],"author":[{"embeddable":true,"href":"https:\/\/novabossa.com.br\/index.php?rest_route=\/wp\/v2\/users\/2"}],"replies":[{"embeddable":true,"href":"https:\/\/novabossa.com.br\/index.php?rest_route=%2Fwp%2Fv2%2Fcomments&post=25"}],"version-history":[{"count":11,"href":"https:\/\/novabossa.com.br\/index.php?rest_route=\/wp\/v2\/pages\/25\/revisions"}],"predecessor-version":[{"id":2621,"href":"https:\/\/novabossa.com.br\/index.php?rest_route=\/wp\/v2\/pages\/25\/revisions\/2621"}],"up":[{"embeddable":true,"href":"https:\/\/novabossa.com.br\/index.php?rest_route=\/wp\/v2\/pages\/11"}],"wp:featuredmedia":[{"embeddable":true,"href":"https:\/\/novabossa.com.br\/index.php?rest_route=\/wp\/v2\/media\/328"}],"wp:attachment":[{"href":"https:\/\/novabossa.com.br\/index.php?rest_route=%2Fwp%2Fv2%2Fmedia&parent=25"}],"curies":[{"name":"wp","href":"https:\/\/api.w.org\/{rel}","templated":true}]}}