{"id":6,"date":"2014-02-08T18:36:07","date_gmt":"2014-02-08T18:36:07","guid":{"rendered":"http:\/\/novabossa.com.br\/novo\/?page_id=6"},"modified":"2025-04-26T19:10:10","modified_gmt":"2025-04-26T19:10:10","slug":"quem-somos","status":"publish","type":"page","link":"https:\/\/novabossa.com.br\/?page_id=6","title":{"rendered":"Quem somos"},"content":{"rendered":"<section class=\"l-section wpb_row us_custom_0741e881 height_auto with_img parallax_fixed\"><div class=\"l-section-img\" role=\"img\" aria-label=\"Imagem\" data-img-width=\"24\" data-img-height=\"24\" style=\"background-image: url(https:\/\/novabossa.com.br\/novo\/wp-content\/uploads\/2021\/02\/bg_mais_branco.png);background-position: top left;background-size: auto;\"><\/div><div class=\"l-section-overlay\" style=\"background:rgba(213,225,36,0.20)\"><\/div><div class=\"l-section-h i-cf\"><div class=\"g-cols vc_row via_flex valign_top type_default stacking_default\"><div class=\"vc_col-sm-12 wpb_column vc_column_container\"><div class=\"vc_column-inner\"><div class=\"wpb_wrapper\"><div class=\"g-cols wpb_row via_flex valign_top type_default stacking_default\"><div class=\"vc_col-sm-12 wpb_column vc_column_container\"><div class=\"vc_column-inner\"><div class=\"wpb_wrapper\"><div class=\"w-separator size_small\"><\/div><div class=\"wpb_text_column us_custom_30ad0fe7 has_text_color\"><div class=\"wpb_wrapper\"><div class=\"title_home_fundo\">\n<div class=\"title_texto\">Quem somos<\/div>\n<\/div>\n<\/div><\/div><\/div><\/div><\/div><\/div><div class=\"w-separator size_small\"><\/div><div class=\"g-cols wpb_row us_custom_ff6ace4a via_flex valign_top type_default stacking_default\"><div class=\"vc_col-sm-12 wpb_column vc_column_container\"><div class=\"vc_column-inner us_custom_8591a7b2\"><div class=\"wpb_wrapper\"><div class=\"w-separator size_medium\"><\/div><div class=\"w-image align_center\"><div class=\"w-image-h\"><img decoding=\"async\" width=\"941\" height=\"320\" src=\"https:\/\/novabossa.com.br\/novo\/wp-content\/uploads\/2014\/02\/quemsomos.jpg\" class=\"attachment-full size-full\" alt=\"\" loading=\"lazy\" srcset=\"https:\/\/novabossa.com.br\/novo\/wp-content\/uploads\/2014\/02\/quemsomos.jpg 941w, https:\/\/novabossa.com.br\/novo\/wp-content\/uploads\/2014\/02\/quemsomos-300x102.jpg 300w, https:\/\/novabossa.com.br\/novo\/wp-content\/uploads\/2014\/02\/quemsomos-890x303.jpg 890w\" sizes=\"auto, (max-width: 941px) 100vw, 941px\" \/><\/div><\/div><div class=\"w-separator size_medium\"><\/div><\/div><\/div><\/div><\/div><div class=\"g-cols wpb_row us_custom_ff6ace4a via_flex valign_top type_default stacking_default\"><div class=\"vc_col-sm-4 wpb_column vc_column_container\"><div class=\"vc_column-inner\"><div class=\"wpb_wrapper\"><div class=\"wpb_text_column\"><div class=\"wpb_wrapper\"><p><b>4 PROJETOS<\/b><b><br \/>\n<\/b><b>S\u00d3CIOCULTURAIS COM<\/b><b><br \/>\n<\/b><b>MAIS DE 400 MIL <\/b><b><br \/>\n<\/b><b>PESSOAS BENEFICIADAS!<\/b><b><br \/>\n<\/b><b>9 ESPET\u00c1CULOS TEATRAIS,<\/b><b><br \/>\n<\/b><b>3 CURTAS E<\/b><b><br \/>\n<\/b><b>1 DOCUMENT\u00c1RIO.<\/b><b><br \/>\n<\/b><b>VIVA O TEATRO E O<\/b><b><br \/>\n<\/b><b>CINEMA! SALVE A<\/b><b><br \/>\n<\/b><b>CULTURA BRASILEIRA!<\/b><\/p>\n<\/div><\/div><\/div><\/div><\/div><div class=\"vc_col-sm-8 wpb_column vc_column_container\"><div class=\"vc_column-inner\"><div class=\"wpb_wrapper\"><div class=\"wpb_text_column us_custom_9d00b80d\"><div class=\"wpb_wrapper\"><p><span style=\"font-weight: 400;\">Fundada em 1998, a Nova Bossa Produ\u00e7\u00f5es Culturais construiu uma trajet\u00f3ria s\u00f3lida e significativa nas \u00e1reas de cinema, teatro e no terceiro setor. Nossa miss\u00e3o \u00e9 democratizar o acesso \u00e0 cultura por meio de projetos socioculturais gratuitos voltados para estudantes de escolas p\u00fablicas, suas fam\u00edlias e comunidades das classes C e D, especialmente em \u00e1reas mais vulner\u00e1veis das cidades.<\/span><\/p>\n<p><span style=\"font-weight: 400;\">Ao longo desses 27 anos de atua\u00e7\u00e3o, realizamos continuamente quatro projetos socioculturais: Curta na Pra\u00e7a, Circuito Cine Curta, Passageiro do Futuro e Cultura Carioca. Todos compartilham o mesmo prop\u00f3sito: promover a inclus\u00e3o cultural e a transforma\u00e7\u00e3o social por meio da arte.<\/span><\/p>\n<p><span style=\"font-weight: 400;\">Na \u00e1rea teatral, acumulamos uma produ\u00e7\u00e3o consistente e bem-sucedida com nove<\/span><span style=\"font-weight: 400;\">\u00a0 <\/span><span style=\"font-weight: 400;\">espet\u00e1culos de grande relev\u00e2ncia:<\/span><i><span style=\"font-weight: 400;\">\u00a0<\/span><\/i><\/p>\n<ul>\n<li style=\"font-weight: 400;\" aria-level=\"1\"><i><span style=\"font-weight: 400;\">Cuidado, Patricinha!<\/span><\/i><span style=\"font-weight: 400;\"> \u2013 texto e dire\u00e7\u00e3o de Eduardo Dusek;<\/span><\/li>\n<li style=\"font-weight: 400;\" aria-level=\"1\"><i><span style=\"font-weight: 400;\">Um Gosto de Mel<\/span><\/i><span style=\"font-weight: 400;\"> \u2013 adapta\u00e7\u00e3o e dire\u00e7\u00e3o de Amir Haddad;<\/span><\/li>\n<li style=\"font-weight: 400;\" aria-level=\"1\"><i><span style=\"font-weight: 400;\">Tudo no Escuro<\/span><\/i><span style=\"font-weight: 400;\"> \u2013 texto de Peter Shaffer e dire\u00e7\u00e3o de Marcus Alvisi;<\/span><\/li>\n<li style=\"font-weight: 400;\" aria-level=\"1\"><i><span style=\"font-weight: 400;\">D\u00e1 Uma Entradinha S\u00f3 Pra Voc\u00ea Sacar Como Esse Homem Me Ama<\/span><\/i><span style=\"font-weight: 400;\"> \u2013 texto de Luiz Carlos G\u00f3es e dire\u00e7\u00e3o de Joaquim Vicente;<\/span><\/li>\n<li style=\"font-weight: 400;\" aria-level=\"1\"><i><span style=\"font-weight: 400;\">In\u00eas de Castro \u2013 Rainha Morta<\/span><\/i><span style=\"font-weight: 400;\"> \u2013 adapta\u00e7\u00e3o de Marc\u00edlio Moraes e dire\u00e7\u00e3o de Marcello Escorel;<\/span><\/li>\n<li style=\"font-weight: 400;\" aria-level=\"1\"><i><span style=\"font-weight: 400;\">\u00a0Por Telefone<\/span><\/i><span style=\"font-weight: 400;\"> \u2013 texto de Ant\u00f4nio Fagundes e dire\u00e7\u00e3o de Lu\u00eds Artur Nunes;<\/span><\/li>\n<li style=\"font-weight: 400;\" aria-level=\"1\"><i><span style=\"font-weight: 400;\">\u00a0Aos Domingos<\/span><\/i><span style=\"font-weight: 400;\"> \u2013 texto de Julia Spadaccini e dire\u00e7\u00e3o de Bruce Gomlevsky;<\/span><i><span style=\"font-weight: 400;\">\u00a0<\/span><\/i><\/li>\n<li style=\"font-weight: 400;\" aria-level=\"1\"><i><span style=\"font-weight: 400;\">Anti-Nelson Rodrigues<\/span><\/i><span style=\"font-weight: 400;\"> \u2013 texto de Nelson Rodrigues e dire\u00e7\u00e3o de Bruce Gomlevsky;<\/span><\/li>\n<li style=\"font-weight: 400;\" aria-level=\"1\"><i><span style=\"font-weight: 400;\">Mem\u00f3ria D\u2019alma<\/span><\/i><span style=\"font-weight: 400;\"> \u2013 texto de Fabiano Barros e dire\u00e7\u00e3o de Guilherme Scarpa e Camilo Pellegrini;<\/span><\/li>\n<\/ul>\n<p><span style=\"font-weight: 400;\">No cinema, a produtora assinou os curtas-metragens \u201cDeus Vai Nos Ajudar\u201d, \u201cRatoeira\u201d e \u201cA Breve Est\u00f3ria de C\u00e2ndido Sampaio\u201d, al\u00e9m do document\u00e1rio \u201cCaminho da Cultura\u201d, dirigido por Pedro Carvana. Com dedica\u00e7\u00e3o e paix\u00e3o, a Nova Bossa segue ampliando horizontes, valorizando a cultura brasileira e promovendo o acesso \u00e0 arte como um direito de todos.<\/span><\/p>\n<\/div><\/div><\/div><\/div><\/div><\/div><div class=\"g-cols wpb_row us_custom_ff6ace4a via_flex valign_top type_default stacking_default\"><div class=\"vc_col-sm-12 wpb_column vc_column_container\"><div class=\"vc_column-inner\"><div class=\"wpb_wrapper\"><div class=\"w-separator size_medium\"><\/div><div class=\"w-grid type_grid layout_2597 cols_2 overflow_hidden\" id=\"us_grid_1\" style=\"--columns:2;--gap:0.5rem;\" data-filterable=\"true\"><style>@media (max-width:600px){#us_grid_1{--columns:1!important}}.layout_2597 .w-grid-item-h{}@media(max-width:599px){.layout_2597 .usg_post_content_1{display:none!important}}.layout_2597 .usg_hwrapper_1{padding:5px!important}.layout_2597 .usg_vwrapper_1{width:70%!important}.layout_2597 .usg_post_taxonomy_1{color:#797979!important;text-align:left!important;font-weight:500!important;text-transform:uppercase!important;font-size:0.9rem!important;line-height:1.2!important;padding-top:5px!important}.layout_2597 .usg_post_title_1{color:var(--color-content-heading)!important;font-size:1.3rem!important;line-height:1.0!important;margin-bottom:0!important;margin-right:-35%!important;padding-top:5px!important;padding-bottom:5px!important;background:var(--color-content-bg)!important}.layout_2597 .usg_post_content_1{font-size:0.9rem!important;line-height:1.4!important}.layout_2597 .usg_vwrapper_2{width:30%!important;padding:5px!important}@media (max-width:600px){.layout_2597 .usg_post_title_1{font-size:1.2rem!important;margin-right:0!important;padding-bottom:0!important}}<\/style><div class=\"w-grid-list\">\t<article class=\"w-grid-item size_1x1 post-2595 us_portfolio type-us_portfolio status-publish has-post-thumbnail hentry us_portfolio_tag-atriz-e-produtora\" data-id=\"2595\">\r\n\t\t<div class=\"w-grid-item-h\">\r\n\t\t\t\t\t\t<div class=\"w-hwrapper usg_hwrapper_1 align_left valign_top\" style=\"--hwrapper-gap:0.3rem\"><div class=\"w-vwrapper usg_vwrapper_2 align_center valign_top\" style=\"--vwrapper-gap:0rem\"><div class=\"w-post-elm post_image usg_post_image_1 has_ratio\"><a href=\"https:\/\/novabossa.com.br\/?us_portfolio=juliana-teixeira\" aria-label=\"Juliana Teixeira\"><img loading=\"lazy\" decoding=\"async\" width=\"150\" height=\"150\" src=\"https:\/\/novabossa.com.br\/novo\/wp-content\/uploads\/2014\/02\/JU_perfil-150x150.jpg\" class=\"attachment-thumbnail size-thumbnail wp-post-image\" alt=\"\" \/><\/a><div style=\"padding-bottom:100%\"><\/div><\/div><div class=\"w-post-elm post_taxonomy usg_post_taxonomy_1 has_text_color style_simple\"><span class=\"term-30 term-atriz-e-produtora\">Atriz e Produtora<\/span><\/div><\/div><div class=\"w-vwrapper usg_vwrapper_1 align_left valign_top\" style=\"--vwrapper-gap:0rem\"><h2 class=\"w-post-elm post_title usg_post_title_1 has_text_color entry-title color_link_inherit\"><a href=\"https:\/\/novabossa.com.br\/?us_portfolio=juliana-teixeira\">Juliana Teixeira<\/a><\/h2><section class=\"l-section wpb_row height_auto width_full\"><div class=\"l-section-h i-cf\"><div class=\"g-cols vc_row via_flex valign_top type_default stacking_default\"><div class=\"vc_col-sm-12 wpb_column vc_column_container\"><div class=\"vc_column-inner\"><div class=\"wpb_wrapper\"><div class=\"wpb_text_column us_custom_35c58031\"><div class=\"wpb_wrapper\"><div class=\"grid_2\">Atriz e produtora cultural, ingressa adolescente na escola O Tablado e posteriormente na CAL. Come\u00e7ou a atuar aos 15 anos em campanhas publicit\u00e1rias, como o lan\u00e7amento da Pepsi no Brasil. Viaja para Nova Iorque (1986- 1989), para forma\u00e7\u00e3o de teatro e dan\u00e7a. De volta trabalha em novelas na TV Globo, no cinema e no Teatro.<\/div>\n<div class=\"grid_4\">\n<p>Em 1998 funda a Nova Bossa Produ\u00e7\u00f5es Culturais e come\u00e7a a produzir espet\u00e1culos teatrais e filmes de curta metragem, a partir de 2001 implementa o primeiro projeto sociocultural,\u00a0o Passageiro do Futuro, existente at\u00e9 hoje.<\/p>\n<\/div>\n<\/div><\/div><\/div><\/div><\/div><\/div><\/div><\/section>\n<\/div><\/div>\t\t<\/div>\r\n\t\t\t<\/article>\r\n\t<article class=\"w-grid-item size_1x1 post-2593 us_portfolio type-us_portfolio status-publish has-post-thumbnail hentry us_portfolio_tag-produtor-cultural\" data-id=\"2593\">\r\n\t\t<div class=\"w-grid-item-h\">\r\n\t\t\t\t\t\t<div class=\"w-hwrapper usg_hwrapper_1 align_left valign_top\" style=\"--hwrapper-gap:0.3rem\"><div class=\"w-vwrapper usg_vwrapper_2 align_center valign_top\" style=\"--vwrapper-gap:0rem\"><div class=\"w-post-elm post_image usg_post_image_1 has_ratio\"><a href=\"https:\/\/novabossa.com.br\/?us_portfolio=acacio-velloso\" aria-label=\"Acacio Velloso\"><img loading=\"lazy\" decoding=\"async\" width=\"150\" height=\"150\" src=\"https:\/\/novabossa.com.br\/novo\/wp-content\/uploads\/2014\/02\/Acacio-150x150.png\" class=\"attachment-thumbnail size-thumbnail wp-post-image\" alt=\"\" \/><\/a><div style=\"padding-bottom:100%\"><\/div><\/div><div class=\"w-post-elm post_taxonomy usg_post_taxonomy_1 has_text_color style_simple\"><span class=\"term-29 term-produtor-cultural\">Produtor Cultural<\/span><\/div><\/div><div class=\"w-vwrapper usg_vwrapper_1 align_left valign_top\" style=\"--vwrapper-gap:0rem\"><h2 class=\"w-post-elm post_title usg_post_title_1 has_text_color entry-title color_link_inherit\"><a href=\"https:\/\/novabossa.com.br\/?us_portfolio=acacio-velloso\">Acacio Velloso<\/a><\/h2><section class=\"l-section wpb_row height_auto width_full\"><div class=\"l-section-h i-cf\"><div class=\"g-cols vc_row via_flex valign_top type_default stacking_default\"><div class=\"vc_col-sm-12 wpb_column vc_column_container\"><div class=\"vc_column-inner\"><div class=\"wpb_wrapper\"><div class=\"wpb_text_column us_custom_35c58031\"><div class=\"wpb_wrapper\"><div class=\"grid_2\">\n<p>Formado em Turismo e Hotelaria, iniciou na \u00e1rea de produ\u00e7\u00e3o realizando eventos corporativos em hot\u00e9is, e festas na cidade de Nova Friburgo \u2013 RJ. Em 2003 come\u00e7ou a trabalhar na Nova Bossa Produ\u00e7\u00f5es Culturais como assistente de produ\u00e7\u00e3o, realizando projetos socioculturais e filmes de curta metragem.<\/p>\n<\/div>\n<div class=\"grid_4\">\n<p>Em 2005, depois de cursos de extens\u00e3o e vasta experi\u00eancia, tornou-se s\u00f3cio e produtor executivo, realizando com sucesso os projetos sociais da empresa. Vale destacar sua participa\u00e7\u00e3o na\u00a0turn\u00ea brasileira e internacional com\u00a0o espet\u00e1culo teatral In\u00eas de Castro\u2013 Rainha Morta.<\/p>\n<\/div>\n<\/div><\/div><\/div><\/div><\/div><\/div><\/div><\/section>\n<\/div><\/div>\t\t<\/div>\r\n\t\t\t<\/article>\r\n<\/div><style id=\"grid-post-content-css\">.us_custom_35c58031{font-size:0.85rem!important;line-height:1.3rem!important}<\/style><div class=\"w-grid-preloader\">\t<div class=\"g-preloader type_1\">\r\n\t\t<div><\/div>\r\n\t<\/div>\r\n\t<\/div>\t<div class=\"w-grid-json hidden\" onclick='return {&quot;action&quot;:&quot;us_ajax_grid&quot;,&quot;infinite_scroll&quot;:0,&quot;max_num_pages&quot;:1,&quot;pagination&quot;:&quot;none&quot;,&quot;template_vars&quot;:{&quot;columns&quot;:&quot;2&quot;,&quot;exclude_items&quot;:&quot;none&quot;,&quot;img_size&quot;:&quot;default&quot;,&quot;ignore_items_size&quot;:0,&quot;items_layout&quot;:&quot;2597&quot;,&quot;items_offset&quot;:&quot;1&quot;,&quot;load_animation&quot;:&quot;none&quot;,&quot;overriding_link&quot;:&quot;{\\&quot;url\\&quot;:\\&quot;\\&quot;}&quot;,&quot;post_id&quot;:0,&quot;query_args&quot;:{&quot;post_type&quot;:[&quot;us_portfolio&quot;],&quot;post_status&quot;:[&quot;publish&quot;,&quot;acf-disabled&quot;],&quot;posts_per_page&quot;:999},&quot;orderby_query_args&quot;:{&quot;orderby&quot;:{&quot;date&quot;:&quot;DESC&quot;}},&quot;type&quot;:&quot;grid&quot;,&quot;us_grid_post_type&quot;:&quot;us_portfolio&quot;,&quot;us_grid_ajax_index&quot;:1,&quot;us_grid_filter_query_string&quot;:null,&quot;us_grid_index&quot;:1,&quot;page_args&quot;:[]}}'><\/div>\r\n\t<\/div><\/div><\/div><\/div><\/div><\/div><\/div><\/div><\/div><\/div><\/section>\n","protected":false},"excerpt":{"rendered":"","protected":false},"author":1,"featured_media":0,"parent":0,"menu_order":0,"comment_status":"closed","ping_status":"closed","template":"","meta":{"_acf_changed":false,"_monsterinsights_skip_tracking":false,"_monsterinsights_sitenote_active":false,"_monsterinsights_sitenote_note":"","_monsterinsights_sitenote_category":0,"footnotes":""},"class_list":["post-6","page","type-page","status-publish","hentry"],"acf":[],"_links":{"self":[{"href":"https:\/\/novabossa.com.br\/index.php?rest_route=\/wp\/v2\/pages\/6","targetHints":{"allow":["GET"]}}],"collection":[{"href":"https:\/\/novabossa.com.br\/index.php?rest_route=\/wp\/v2\/pages"}],"about":[{"href":"https:\/\/novabossa.com.br\/index.php?rest_route=\/wp\/v2\/types\/page"}],"author":[{"embeddable":true,"href":"https:\/\/novabossa.com.br\/index.php?rest_route=\/wp\/v2\/users\/1"}],"replies":[{"embeddable":true,"href":"https:\/\/novabossa.com.br\/index.php?rest_route=%2Fwp%2Fv2%2Fcomments&post=6"}],"version-history":[{"count":67,"href":"https:\/\/novabossa.com.br\/index.php?rest_route=\/wp\/v2\/pages\/6\/revisions"}],"predecessor-version":[{"id":6787,"href":"https:\/\/novabossa.com.br\/index.php?rest_route=\/wp\/v2\/pages\/6\/revisions\/6787"}],"wp:attachment":[{"href":"https:\/\/novabossa.com.br\/index.php?rest_route=%2Fwp%2Fv2%2Fmedia&parent=6"}],"curies":[{"name":"wp","href":"https:\/\/api.w.org\/{rel}","templated":true}]}}